{"id":356,"date":"2025-05-17T06:55:35","date_gmt":"2025-05-17T06:55:35","guid":{"rendered":"https:\/\/riseup-ceo.com\/?page_id=356"},"modified":"2025-05-17T10:50:58","modified_gmt":"2025-05-17T10:50:58","slug":"impressum","status":"publish","type":"page","link":"https:\/\/riseup-ceo.com\/index.php\/impressum\/","title":{"rendered":"impressum"},"content":{"rendered":"<p>[et_pb_section fb_built=&#8221;1&#8243; theme_builder_area=&#8221;post_content&#8221; _builder_version=&#8221;4.25.0&#8243; _module_preset=&#8221;default&#8221;][et_pb_row _builder_version=&#8221;4.25.0&#8243; _module_preset=&#8221;default&#8221; theme_builder_area=&#8221;post_content&#8221;][et_pb_column _builder_version=&#8221;4.25.0&#8243; _module_preset=&#8221;default&#8221; type=&#8221;4_4&#8243; theme_builder_area=&#8221;post_content&#8221;][et_pb_heading title=&#8221;IMPRESSUM&#8221; _builder_version=&#8221;4.25.0&#8243; _module_preset=&#8221;default&#8221; theme_builder_area=&#8221;post_content&#8221; hover_enabled=&#8221;0&#8243; sticky_enabled=&#8221;0&#8243;][\/et_pb_heading][et_pb_text _builder_version=&#8221;4.25.0&#8243; _module_preset=&#8221;default&#8221; theme_builder_area=&#8221;post_content&#8221; hover_enabled=&#8221;0&#8243; sticky_enabled=&#8221;0&#8243;]<\/p>\n<p style=\"line-height: 14px; word-break: break-word;\">Dieses Impressum gilt auch f\u00fcr die Facebook Seiten (Instagram inkl.)<\/p>\n<p style=\"line-height: 14px; word-break: break-word;\">Angaben gem\u00e4\u00df \u00a7\u00a7 5, 6 DDG<\/p>\n<p style=\"line-height: 14px; word-break: break-word;\">Claudia B\u00fcchler<\/p>\n<p style=\"line-height: 14px; word-break: break-word;\">\n<p style=\"line-height: 14px; word-break: break-word;\"><strong>Postadresse<\/strong><\/p>\n<p style=\"line-height: 14px; word-break: break-word;\">Claudia B\u00fcchler<\/p>\n<p style=\"line-height: 14px; word-break: break-word;\">Rh\u00f6nstra\u00dfe 24<\/p>\n<p style=\"line-height: 14px; word-break: break-word;\">63179 Obertshausen<\/p>\n<p style=\"line-height: 14px; word-break: break-word;\">\n<p style=\"line-height: 14px; word-break: break-word;\"><strong>Kontakt<\/strong><\/p>\n<p style=\"line-height: 14px; word-break: break-word;\">\u00a0E-Mail: cbuechler@vodafone.de<\/p>\n<p style=\"line-height: 14px; word-break: break-word;\">Tel.: 0163-2636460<\/p>\n<p style=\"line-height: 14px; word-break: break-word;\">\n<p style=\"line-height: 14px; word-break: break-word;\"><strong>Umsatzsteuer<\/strong><\/p>\n<p style=\"line-height: 14px; word-break: break-word;\">\u00a0\u00a7 27a UStG sowie<\/p>\n<p style=\"line-height: 14px; word-break: break-word;\">Verwaltungsregelung zu \u00a7 27a UStG: Auszug aus dem Umsatzsteuer-Anwendungserlass<\/p>\n<p style=\"line-height: 14px; word-break: break-word;\">Steuer-ID:DE356844880<\/p>\n<p style=\"line-height: 14px; word-break: break-word;\">\n<p style=\"line-height: 14px; word-break: break-word;\"><strong>\u201eVerantwortlich i. S. d. \u00a7 18 Abs. 2 MStV (\u2026)\u201c<\/strong><\/p>\n<p style=\"line-height: 14px; word-break: break-word;\">\u00a0Claudia B\u00fcchler<\/p>\n<p style=\"line-height: 14px; word-break: break-word;\">\n<p style=\"line-height: 14px; word-break: break-word;\">Widerrufsrecht bei Erwerb digitaler Infoprodukte nach Regelung gem\u00e4\u00df \u00a7 356 Abs. 5 BGB n.F.:<\/p>\n<p style=\"line-height: 14px; word-break: break-word;\">Das Widerrufsrecht erlischt bei einem Vertrag \u00fcber die Lieferung von nicht auf einem k\u00f6rperlichen<\/p>\n<p style=\"line-height: 14px; word-break: break-word;\">Datentr\u00e4ger befindlichen digitalen Inhalten auch dann, wenn der Unternehmer mit der Ausf\u00fchrung des<\/p>\n<p style=\"line-height: 14px; word-break: break-word;\">Vertrags begonnen hat, nachdem der Verbraucher<\/p>\n<p style=\"line-height: 14px; word-break: break-word;\">\n<p style=\"line-height: 14px; word-break: break-word;\">1. ausdr\u00fccklich zugestimmt hat, dass der Unternehmer mit der Ausf\u00fchrung des Vertrags vor Ablauf<\/p>\n<p style=\"line-height: 14px; word-break: break-word;\">der Widerrufsfrist beginnt und<\/p>\n<p style=\"line-height: 14px; word-break: break-word;\">mit Best\u00e4tigung des links, mit dem der K\u00e4ufer nach dem Kauf auf die Kursseite weitergeleitet wird,<\/p>\n<p style=\"line-height: 14px; word-break: break-word;\">erlischt das Recht der R\u00fcckgabe bei elektronischen Infoprodukten. Der K\u00e4ufer best\u00e4tigt mit<\/p>\n<p style=\"line-height: 14px; word-break: break-word;\">Weiterleitung auf den Kurs wie folgt:<\/p>\n<p style=\"line-height: 14px; word-break: break-word;\">\n<p style=\"line-height: 14px; word-break: break-word;\"><strong>Streitschlichtung<\/strong><\/p>\n<p style=\"line-height: 14px; word-break: break-word;\">\n<p style=\"line-height: 14px; word-break: break-word;\">Die Europ\u00e4ische Kommission stellt eine Plattform zur Online-Streitbeilegung (OS)<\/p>\n<p style=\"line-height: 14px; word-break: break-word;\">bereit: https:\/\/ec.europa.eu\/consumers\/odr.<\/p>\n<p style=\"line-height: 14px; word-break: break-word;\">Unsere E-Mail-Adresse finden Sie oben im Impressum.<\/p>\n<p style=\"line-height: 14px; word-break: break-word;\">Wir sind nicht bereit oder verpflichtet, an Streitbeilegungsverfahren vor einer<\/p>\n<p style=\"line-height: 14px; word-break: break-word;\">Verbraucherschlichtungsstelle teilzunehmen.<\/p>\n<p style=\"line-height: 14px; word-break: break-word;\">\n<p style=\"line-height: 14px; word-break: break-word;\"><strong>Haftung f\u00fcr Inhalte<\/strong><\/p>\n<p style=\"line-height: 14px; word-break: break-word;\">\n<p style=\"line-height: 14px; word-break: break-word;\">Als Diensteanbieter sind wir gem\u00e4\u00df \u00a7 7 Abs.1 TMG f\u00fcr eigene Inhalte auf diesen Seiten nach den<\/p>\n<p style=\"line-height: 14px; word-break: break-word;\">allgemeinen Gesetzen verantwortlich. Nach \u00a7\u00a7 8 bis 10 TMG sind wir als Diensteanbieter jedoch nicht<\/p>\n<p style=\"line-height: 14px; word-break: break-word;\">verpflichtet, \u00fcbermittelte oder gespeicherte fremde Informationen zu \u00fcberwachen oder nach<\/p>\n<p style=\"line-height: 14px; word-break: break-word;\">Umst\u00e4nden zu forschen, die auf eine rechtswidrige T\u00e4tigkeit hinweisen.<\/p>\n<p style=\"line-height: 14px; word-break: break-word;\">Verpflichtungen zur Entfernung oder Sperrung der Nutzung von Informationen nach den allgemeinen<\/p>\n<p style=\"line-height: 14px; word-break: break-word;\">Gesetzen bleiben hiervon unber\u00fchrt. Eine diesbez\u00fcgliche Haftung ist jedoch erst ab dem Zeitpunkt der<\/p>\n<p style=\"line-height: 14px; word-break: break-word;\">Kenntnis einer konkreten Rechtsverletzung m\u00f6glich. Bei Bekanntwerden von entsprechenden<\/p>\n<p style=\"line-height: 14px; word-break: break-word;\">Rechtsverletzungen werden wir diese Inhalte umgehend entfernen.<\/p>\n<p style=\"line-height: 14px; word-break: break-word;\">\n<p style=\"line-height: 14px; word-break: break-word;\"><strong>Haftung f\u00fcr Links<\/strong><\/p>\n<p style=\"line-height: 14px; word-break: break-word;\">\n<p style=\"line-height: 14px; word-break: break-word;\">Unser Angebot enth\u00e4lt Links zu externen Websites Dritter, auf deren Inhalte wir keinen Einfluss<\/p>\n<p style=\"line-height: 14px; word-break: break-word;\">haben. Deshalb k\u00f6nnen wir f\u00fcr diese fremden Inhalte auch keine Gew\u00e4hr \u00fcbernehmen. F\u00fcr die Inhalte<\/p>\n<p style=\"line-height: 14px; word-break: break-word;\">der verlinkten Seiten ist stets der jeweilige Anbieter oder Betreiber der Seiten verantwortlich. Die<\/p>\n<p style=\"line-height: 14px; word-break: break-word;\">verlinkten Seiten wurden zum Zeitpunkt der Verlinkung auf m\u00f6gliche Rechtsverst\u00f6\u00dfe \u00fcberpr\u00fcft.<\/p>\n<p style=\"line-height: 14px; word-break: break-word;\">Rechtswidrige Inhalte waren zum Zeitpunkt der Verlinkung nicht erkennbar.<\/p>\n<p style=\"line-height: 14px; word-break: break-word;\">Eine permanente inhaltliche Kontrolle der verlinkten Seiten ist jedoch ohne konkrete Anhaltspunkte<\/p>\n<p style=\"line-height: 14px; word-break: break-word;\">einer Rechtsverletzung nicht zumutbar. Bei Bekanntwerden von Rechtsverletzungen werden wir<\/p>\n<p style=\"line-height: 14px; word-break: break-word;\">derartige Links umgehend entfernen.<\/p>\n<p style=\"line-height: 14px; word-break: break-word;\">\n<p style=\"line-height: 14px; word-break: break-word;\"><strong>Urheberrecht<\/strong><\/p>\n<p style=\"line-height: 14px; word-break: break-word;\">\n<p style=\"line-height: 14px; word-break: break-word;\">Die durch die Seitenbetreiber erstellten Inhalte und Werke auf diesen Seiten unterliegen dem<\/p>\n<p style=\"line-height: 14px; word-break: break-word;\">deutschen Urheberrecht. Die Vervielf\u00e4ltigung, Bearbeitung, Verbreitung und jede Art der Verwertung<\/p>\n<p style=\"line-height: 14px; word-break: break-word;\">au\u00dferhalb der Grenzen des Urheberrechtes bed\u00fcrfen der schriftlichen Zustimmung des jeweiligen<\/p>\n<p style=\"line-height: 14px; word-break: break-word;\">Autors bzw. Erstellers. Downloads und Kopien dieser Seite sind nur f\u00fcr den privaten, nicht<\/p>\n<p style=\"line-height: 14px; word-break: break-word;\">kommerziellen Gebrauch gestattet.<\/p>\n<p style=\"line-height: 14px; word-break: break-word;\">Soweit die Inhalte auf dieser Seite nicht vom Betreiber erstellt wurden, werden die Urheberrechte<\/p>\n<p style=\"line-height: 14px; word-break: break-word;\">Dritter beachtet. Insbesondere werden Inhalte Dritter als solche gekennzeichnet. Sollten Sie trotzdem<\/p>\n<p style=\"line-height: 14px; word-break: break-word;\">auf eine Urheberrechtsverletzung aufmerksam werden, bitten wir um einen entsprechenden Hinweis.<\/p>\n<p style=\"line-height: 14px; word-break: break-word;\">Bei Bekanntwerden von Rechtsverletzungen werden wir derartige Inhalte umgehend entfernen.<\/p>\n<p style=\"line-height: 14px; word-break: break-word;\">Dieses Impressum gilt auch f\u00fcr die Facebook und Instagram wie s\u00e4mtliche social Media Seiten<\/p>\n<p>[\/et_pb_text][\/et_pb_column][\/et_pb_row][\/et_pb_section]<\/p>\n","protected":false},"excerpt":{"rendered":"<p>Dieses Impressum gilt auch f\u00fcr die Facebook Seiten (Instagram inkl.) Angaben gem\u00e4\u00df \u00a7\u00a7 5, 6 DDG Claudia B\u00fcchler Postadresse Claudia B\u00fcchler Rh\u00f6nstra\u00dfe 24 63179 Obertshausen Kontakt \u00a0E-Mail: cbuechler@vodafone.de Tel.: 0163-2636460 Umsatzsteuer \u00a0\u00a7 27a UStG sowie Verwaltungsregelung zu \u00a7 27a UStG: Auszug aus dem Umsatzsteuer-Anwendungserlass Steuer-ID:DE356844880 \u201eVerantwortlich i. S. d. \u00a7 18 Abs. 2 MStV (\u2026)\u201c \u00a0Claudia B\u00fcchler Widerrufsrecht bei Erwerb digitaler Infoprodukte nach Regelung gem\u00e4\u00df \u00a7 356 Abs. 5 BGB n.F.: Das Widerrufsrecht erlischt bei einem Vertrag \u00fcber die Lieferung von nicht auf einem k\u00f6rperlichen Datentr\u00e4ger befindlichen digitalen Inhalten auch dann, wenn der Unternehmer mit der Ausf\u00fchrung des Vertrags begonnen hat, nachdem der Verbraucher 1. ausdr\u00fccklich zugestimmt hat, dass der Unternehmer mit der Ausf\u00fchrung des Vertrags vor Ablauf der Widerrufsfrist beginnt und mit Best\u00e4tigung des links, mit dem der K\u00e4ufer nach dem Kauf auf die Kursseite weitergeleitet wird, erlischt das Recht der R\u00fcckgabe bei elektronischen Infoprodukten. Der K\u00e4ufer best\u00e4tigt mit Weiterleitung auf den Kurs wie folgt: Streitschlichtung Die Europ\u00e4ische Kommission stellt eine Plattform zur Online-Streitbeilegung (OS) bereit: https:\/\/ec.europa.eu\/consumers\/odr. Unsere E-Mail-Adresse finden Sie oben im Impressum. Wir sind nicht bereit oder verpflichtet, an Streitbeilegungsverfahren vor einer Verbraucherschlichtungsstelle teilzunehmen. Haftung f\u00fcr Inhalte Als Diensteanbieter sind wir gem\u00e4\u00df \u00a7 7 Abs.1 TMG f\u00fcr [&hellip;]<\/p>\n","protected":false},"author":1,"featured_media":0,"parent":0,"menu_order":0,"comment_status":"closed","ping_status":"closed","template":"","meta":{"_et_pb_use_builder":"on","_et_pb_old_content":"","_et_gb_content_width":"","footnotes":""},"class_list":["post-356","page","type-page","status-publish","hentry"],"_links":{"self":[{"href":"https:\/\/riseup-ceo.com\/index.php\/wp-json\/wp\/v2\/pages\/356","targetHints":{"allow":["GET"]}}],"collection":[{"href":"https:\/\/riseup-ceo.com\/index.php\/wp-json\/wp\/v2\/pages"}],"about":[{"href":"https:\/\/riseup-ceo.com\/index.php\/wp-json\/wp\/v2\/types\/page"}],"author":[{"embeddable":true,"href":"https:\/\/riseup-ceo.com\/index.php\/wp-json\/wp\/v2\/users\/1"}],"replies":[{"embeddable":true,"href":"https:\/\/riseup-ceo.com\/index.php\/wp-json\/wp\/v2\/comments?post=356"}],"version-history":[{"count":4,"href":"https:\/\/riseup-ceo.com\/index.php\/wp-json\/wp\/v2\/pages\/356\/revisions"}],"predecessor-version":[{"id":384,"href":"https:\/\/riseup-ceo.com\/index.php\/wp-json\/wp\/v2\/pages\/356\/revisions\/384"}],"wp:attachment":[{"href":"https:\/\/riseup-ceo.com\/index.php\/wp-json\/wp\/v2\/media?parent=356"}],"curies":[{"name":"wp","href":"https:\/\/api.w.org\/{rel}","templated":true}]}}